{"id":316,"date":"2016-03-31T10:32:27","date_gmt":"2016-03-31T10:32:27","guid":{"rendered":"http:\/\/ailg.ro\/en\/?page_id=316"},"modified":"2016-04-28T10:40:30","modified_gmt":"2016-04-28T10:40:30","slug":"offer-request-form","status":"publish","type":"page","link":"https:\/\/ailg.ro\/en\/offer-request-form\/","title":{"rendered":"Offer request form"},"content":{"rendered":"<p class=\"wpcf7-contact-form-not-found\"><strong>Error:<\/strong> Contact form not found.<\/p>\n<p>&nbsp;<\/p>\n<div class=\"col-md-12\">\n<p><i class=\"fa fa-check-square-o\"><\/i><strong> Dosarul cursantului contine:<\/strong> copie dup\u0103 diploma de licenta; cazier; adeverin\u021ba de la medicul de familie c\u0103 sunte\u021bi apt pentru acest curs de LMG; copie dup\u0103 certificatul de na\u0219tere; copie dup\u0103 certificatul de c\u0103s\u0103torie \u2013 dac\u0103 este cazul; copie dup\u0103 cartea de identitate; copie dup\u0103 chitan\u021ba de achitare a pl\u0103\u021bii integrale<\/p>\n<\/div>\n","protected":false},"excerpt":{"rendered":"<p>&nbsp; Dosarul cursantului contine: copie dup\u0103 diploma de licenta; cazier; adeverin\u021ba de la medicul de familie c\u0103 sunte\u021bi apt pentru [&hellip;]<\/p>\n","protected":false},"author":1,"featured_media":0,"parent":0,"menu_order":0,"comment_status":"closed","ping_status":"closed","template":"","meta":{"footnotes":""},"acf":[],"_links":{"self":[{"href":"https:\/\/ailg.ro\/en\/wp-json\/wp\/v2\/pages\/316"}],"collection":[{"href":"https:\/\/ailg.ro\/en\/wp-json\/wp\/v2\/pages"}],"about":[{"href":"https:\/\/ailg.ro\/en\/wp-json\/wp\/v2\/types\/page"}],"author":[{"embeddable":true,"href":"https:\/\/ailg.ro\/en\/wp-json\/wp\/v2\/users\/1"}],"replies":[{"embeddable":true,"href":"https:\/\/ailg.ro\/en\/wp-json\/wp\/v2\/comments?post=316"}],"version-history":[{"count":3,"href":"https:\/\/ailg.ro\/en\/wp-json\/wp\/v2\/pages\/316\/revisions"}],"predecessor-version":[{"id":444,"href":"https:\/\/ailg.ro\/en\/wp-json\/wp\/v2\/pages\/316\/revisions\/444"}],"wp:attachment":[{"href":"https:\/\/ailg.ro\/en\/wp-json\/wp\/v2\/media?parent=316"}],"curies":[{"name":"wp","href":"https:\/\/api.w.org\/{rel}","templated":true}]}}